{"id":6865,"date":"2021-05-02T12:06:03","date_gmt":"2021-05-02T12:06:03","guid":{"rendered":"https:\/\/miguelangelpascual.es\/home\/"},"modified":"2025-08-07T09:19:28","modified_gmt":"2025-08-07T09:19:28","slug":"home","status":"publish","type":"page","link":"https:\/\/miguelangelpascual.es\/en\/","title":{"rendered":"INDEX"},"content":{"rendered":"\t\t<div data-elementor-type=\"wp-page\" data-elementor-id=\"6865\" class=\"elementor elementor-6865 elementor-6245\" data-elementor-post-type=\"page\">\n\t\t\t\t\t\t<section class=\"elementor-section elementor-top-section elementor-element elementor-element-d57b931 elementor-section-full_width elementor-section-height-min-height elementor-section-items-stretch elementor-section-height-default elementor-invisible\" data-id=\"d57b931\" data-element_type=\"section\" data-settings=\"{&quot;background_background&quot;:&quot;slideshow&quot;,&quot;background_slideshow_gallery&quot;:[{&quot;id&quot;:6272,&quot;url&quot;:&quot;https:\\\/\\\/miguelangelpascual.es\\\/wp-content\\\/uploads\\\/2025\\\/07\\\/AFLORAS_M.A.PASCUAL_1-scaled.jpg&quot;},{&quot;id&quot;:6273,&quot;url&quot;:&quot;https:\\\/\\\/miguelangelpascual.es\\\/wp-content\\\/uploads\\\/2025\\\/07\\\/EUFORIA_M.A.PASCUAL-scaled.jpg&quot;},{&quot;id&quot;:6274,&quot;url&quot;:&quot;https:\\\/\\\/miguelangelpascual.es\\\/wp-content\\\/uploads\\\/2025\\\/07\\\/Copia-de-EFUSION_M.A.PASCUAL-scaled.jpg&quot;}],&quot;background_slideshow_ken_burns&quot;:&quot;yes&quot;,&quot;motion_fx_motion_fx_scrolling&quot;:&quot;yes&quot;,&quot;animation&quot;:&quot;fadeIn&quot;,&quot;background_slideshow_loop&quot;:&quot;yes&quot;,&quot;background_slideshow_slide_duration&quot;:5000,&quot;background_slideshow_slide_transition&quot;:&quot;fade&quot;,&quot;background_slideshow_transition_duration&quot;:500,&quot;background_slideshow_ken_burns_zoom_direction&quot;:&quot;in&quot;,&quot;motion_fx_devices&quot;:[&quot;desktop&quot;,&quot;tablet&quot;,&quot;mobile&quot;]}\">\n\t\t\t\t\t\t\t<div class=\"elementor-background-overlay\"><\/div>\n\t\t\t\t\t\t\t<div class=\"elementor-container elementor-column-gap-default\">\n\t\t\t\t\t<div class=\"elementor-column elementor-col-100 elementor-top-column elementor-element elementor-element-21b3274\" data-id=\"21b3274\" data-element_type=\"column\" data-settings=\"{&quot;motion_fx_motion_fx_scrolling&quot;:&quot;yes&quot;,&quot;motion_fx_scale_effect&quot;:&quot;yes&quot;,&quot;motion_fx_scale_direction&quot;:&quot;in-out&quot;,&quot;motion_fx_scale_speed&quot;:{&quot;unit&quot;:&quot;px&quot;,&quot;size&quot;:4,&quot;sizes&quot;:[]},&quot;motion_fx_scale_range&quot;:{&quot;unit&quot;:&quot;%&quot;,&quot;size&quot;:&quot;&quot;,&quot;sizes&quot;:{&quot;start&quot;:20,&quot;end&quot;:80}},&quot;motion_fx_devices&quot;:[&quot;desktop&quot;,&quot;tablet&quot;,&quot;mobile&quot;]}\">\n\t\t\t<div class=\"elementor-widget-wrap elementor-element-populated\">\n\t\t\t\t\t\t<div class=\"elementor-element elementor-element-537ee91 elementor-widget elementor-widget-image\" data-id=\"537ee91\" data-element_type=\"widget\" data-widget_type=\"image.default\">\n\t\t\t\t\t\t\t\t\t\t\t\t\t\t\t<img fetchpriority=\"high\" decoding=\"async\" width=\"834\" height=\"834\" src=\"https:\/\/miguelangelpascual.es\/wp-content\/uploads\/2025\/07\/miguel-angel-pascual-logo-03.png\" class=\"attachment-full size-full wp-image-6693\" alt=\"\" srcset=\"https:\/\/miguelangelpascual.es\/wp-content\/uploads\/2025\/07\/miguel-angel-pascual-logo-03.png 834w, https:\/\/miguelangelpascual.es\/wp-content\/uploads\/2025\/07\/miguel-angel-pascual-logo-03-200x200.png 200w, https:\/\/miguelangelpascual.es\/wp-content\/uploads\/2025\/07\/miguel-angel-pascual-logo-03-300x300.png 300w, https:\/\/miguelangelpascual.es\/wp-content\/uploads\/2025\/07\/miguel-angel-pascual-logo-03-150x150.png 150w, https:\/\/miguelangelpascual.es\/wp-content\/uploads\/2025\/07\/miguel-angel-pascual-logo-03-768x768.png 768w\" sizes=\"(max-width: 834px) 100vw, 834px\" \/>\t\t\t\t\t\t\t\t\t\t\t\t\t\t\t<\/div>\n\t\t\t\t<div class=\"elementor-element elementor-element-cd6b764 elementor-widget elementor-widget-heading\" data-id=\"cd6b764\" data-element_type=\"widget\" data-widget_type=\"heading.default\">\n\t\t\t\t\t<h1 class=\"elementor-heading-title elementor-size-default\">Miguel \u00c1ngel Pascual D\u00cdAZ<\/h1>\t\t\t\t<\/div>\n\t\t\t\t<div class=\"elementor-element elementor-element-a196ba6 elementor-widget elementor-widget-heading\" data-id=\"a196ba6\" data-element_type=\"widget\" data-widget_type=\"heading.default\">\n\t\t\t\t\t<h5 class=\"elementor-heading-title elementor-size-default\">painter and sculptor<\/h5>\t\t\t\t<\/div>\n\t\t\t\t\t<\/div>\n\t\t<\/div>\n\t\t\t\t\t<\/div>\n\t\t<\/section>\n\t\t\t\t<\/div>\n\t\t","protected":false},"excerpt":{"rendered":"<p>Miguel \u00c1ngel Pascual D\u00cdAZ painter and sculptor<\/p>\n","protected":false},"author":1,"featured_media":0,"parent":0,"menu_order":0,"comment_status":"closed","ping_status":"closed","template":"elementor_header_footer","meta":{"footnotes":""},"class_list":["post-6865","page","type-page","status-publish","hentry"],"yoast_head":"<!-- This site is optimized with the Yoast SEO plugin v25.6 - https:\/\/yoast.com\/wordpress\/plugins\/seo\/ -->\n<title>INDEX - Miguel \u00c1ngel Pascual<\/title>\n<meta name=\"robots\" content=\"index, follow, max-snippet:-1, max-image-preview:large, max-video-preview:-1\" \/>\n<link rel=\"canonical\" href=\"https:\/\/miguelangelpascual.es\/en\/\" \/>\n<meta property=\"og:locale\" content=\"en_GB\" \/>\n<meta property=\"og:type\" content=\"article\" \/>\n<meta property=\"og:title\" content=\"INDEX - Miguel \u00c1ngel Pascual\" \/>\n<meta property=\"og:description\" content=\"Miguel \u00c1ngel Pascual D\u00cdAZ painter and sculptor\" \/>\n<meta property=\"og:url\" content=\"https:\/\/miguelangelpascual.es\/en\/\" \/>\n<meta property=\"og:site_name\" content=\"Miguel \u00c1ngel Pascual\" \/>\n<meta property=\"article:modified_time\" content=\"2025-08-07T09:19:28+00:00\" \/>\n<meta property=\"og:image\" content=\"https:\/\/miguelangelpascual.es\/wp-content\/uploads\/2025\/07\/miguel-angel-pascual-logo-03.png\" \/>\n<meta name=\"twitter:card\" content=\"summary_large_image\" \/>\n<meta name=\"twitter:label1\" content=\"Estimated reading time\" \/>\n\t<meta name=\"twitter:data1\" content=\"1 minute\" \/>\n<script type=\"application\/ld+json\" class=\"yoast-schema-graph\">{\"@context\":\"https:\/\/schema.org\",\"@graph\":[{\"@type\":\"WebPage\",\"@id\":\"https:\/\/miguelangelpascual.es\/en\/\",\"url\":\"https:\/\/miguelangelpascual.es\/en\/\",\"name\":\"INDEX - Miguel \u00c1ngel Pascual\",\"isPartOf\":{\"@id\":\"https:\/\/miguelangelpascual.es\/#website\"},\"primaryImageOfPage\":{\"@id\":\"https:\/\/miguelangelpascual.es\/en\/#primaryimage\"},\"image\":{\"@id\":\"https:\/\/miguelangelpascual.es\/en\/#primaryimage\"},\"thumbnailUrl\":\"https:\/\/miguelangelpascual.es\/wp-content\/uploads\/2025\/07\/miguel-angel-pascual-logo-03.png\",\"datePublished\":\"2021-05-02T12:06:03+00:00\",\"dateModified\":\"2025-08-07T09:19:28+00:00\",\"breadcrumb\":{\"@id\":\"https:\/\/miguelangelpascual.es\/en\/#breadcrumb\"},\"inLanguage\":\"en-GB\",\"potentialAction\":[{\"@type\":\"ReadAction\",\"target\":[\"https:\/\/miguelangelpascual.es\/en\/\"]}]},{\"@type\":\"ImageObject\",\"inLanguage\":\"en-GB\",\"@id\":\"https:\/\/miguelangelpascual.es\/en\/#primaryimage\",\"url\":\"https:\/\/miguelangelpascual.es\/wp-content\/uploads\/2025\/07\/miguel-angel-pascual-logo-03.png\",\"contentUrl\":\"https:\/\/miguelangelpascual.es\/wp-content\/uploads\/2025\/07\/miguel-angel-pascual-logo-03.png\"},{\"@type\":\"BreadcrumbList\",\"@id\":\"https:\/\/miguelangelpascual.es\/en\/#breadcrumb\",\"itemListElement\":[{\"@type\":\"ListItem\",\"position\":1,\"name\":\"Portada\",\"item\":\"https:\/\/miguelangelpascual.es\/en\/\"},{\"@type\":\"ListItem\",\"position\":2,\"name\":\"INDEX\"}]},{\"@type\":\"WebSite\",\"@id\":\"https:\/\/miguelangelpascual.es\/#website\",\"url\":\"https:\/\/miguelangelpascual.es\/\",\"name\":\"Miguel \u00c1ngel Pascual\",\"description\":\"Pintor y escultor\",\"publisher\":{\"@id\":\"https:\/\/miguelangelpascual.es\/#organization\"},\"potentialAction\":[{\"@type\":\"SearchAction\",\"target\":{\"@type\":\"EntryPoint\",\"urlTemplate\":\"https:\/\/miguelangelpascual.es\/?s={search_term_string}\"},\"query-input\":{\"@type\":\"PropertyValueSpecification\",\"valueRequired\":true,\"valueName\":\"search_term_string\"}}],\"inLanguage\":\"en-GB\"},{\"@type\":\"Organization\",\"@id\":\"https:\/\/miguelangelpascual.es\/#organization\",\"name\":\"Miguel \u00c1ngel Pascual\",\"url\":\"https:\/\/miguelangelpascual.es\/\",\"logo\":{\"@type\":\"ImageObject\",\"inLanguage\":\"en-GB\",\"@id\":\"https:\/\/miguelangelpascual.es\/#\/schema\/logo\/image\/\",\"url\":\"https:\/\/miguelangelpascual.es\/wp-content\/uploads\/2025\/07\/miguel-angel-pascual-logo-03.png\",\"contentUrl\":\"https:\/\/miguelangelpascual.es\/wp-content\/uploads\/2025\/07\/miguel-angel-pascual-logo-03.png\",\"width\":834,\"height\":834,\"caption\":\"Miguel \u00c1ngel Pascual\"},\"image\":{\"@id\":\"https:\/\/miguelangelpascual.es\/#\/schema\/logo\/image\/\"}}]}<\/script>\n<!-- \/ Yoast SEO plugin. -->","yoast_head_json":{"title":"INDEX - Miguel \u00c1ngel Pascual","robots":{"index":"index","follow":"follow","max-snippet":"max-snippet:-1","max-image-preview":"max-image-preview:large","max-video-preview":"max-video-preview:-1"},"canonical":"https:\/\/miguelangelpascual.es\/en\/","og_locale":"en_GB","og_type":"article","og_title":"INDEX - Miguel \u00c1ngel Pascual","og_description":"Miguel \u00c1ngel Pascual D\u00cdAZ painter and sculptor","og_url":"https:\/\/miguelangelpascual.es\/en\/","og_site_name":"Miguel \u00c1ngel Pascual","article_modified_time":"2025-08-07T09:19:28+00:00","og_image":[{"url":"https:\/\/miguelangelpascual.es\/wp-content\/uploads\/2025\/07\/miguel-angel-pascual-logo-03.png","type":"","width":"","height":""}],"twitter_card":"summary_large_image","twitter_misc":{"Estimated reading time":"1 minute"},"schema":{"@context":"https:\/\/schema.org","@graph":[{"@type":"WebPage","@id":"https:\/\/miguelangelpascual.es\/en\/","url":"https:\/\/miguelangelpascual.es\/en\/","name":"INDEX - Miguel \u00c1ngel Pascual","isPartOf":{"@id":"https:\/\/miguelangelpascual.es\/#website"},"primaryImageOfPage":{"@id":"https:\/\/miguelangelpascual.es\/en\/#primaryimage"},"image":{"@id":"https:\/\/miguelangelpascual.es\/en\/#primaryimage"},"thumbnailUrl":"https:\/\/miguelangelpascual.es\/wp-content\/uploads\/2025\/07\/miguel-angel-pascual-logo-03.png","datePublished":"2021-05-02T12:06:03+00:00","dateModified":"2025-08-07T09:19:28+00:00","breadcrumb":{"@id":"https:\/\/miguelangelpascual.es\/en\/#breadcrumb"},"inLanguage":"en-GB","potentialAction":[{"@type":"ReadAction","target":["https:\/\/miguelangelpascual.es\/en\/"]}]},{"@type":"ImageObject","inLanguage":"en-GB","@id":"https:\/\/miguelangelpascual.es\/en\/#primaryimage","url":"https:\/\/miguelangelpascual.es\/wp-content\/uploads\/2025\/07\/miguel-angel-pascual-logo-03.png","contentUrl":"https:\/\/miguelangelpascual.es\/wp-content\/uploads\/2025\/07\/miguel-angel-pascual-logo-03.png"},{"@type":"BreadcrumbList","@id":"https:\/\/miguelangelpascual.es\/en\/#breadcrumb","itemListElement":[{"@type":"ListItem","position":1,"name":"Portada","item":"https:\/\/miguelangelpascual.es\/en\/"},{"@type":"ListItem","position":2,"name":"INDEX"}]},{"@type":"WebSite","@id":"https:\/\/miguelangelpascual.es\/#website","url":"https:\/\/miguelangelpascual.es\/","name":"Miguel \u00c1ngel Pascual","description":"Pintor y escultor","publisher":{"@id":"https:\/\/miguelangelpascual.es\/#organization"},"potentialAction":[{"@type":"SearchAction","target":{"@type":"EntryPoint","urlTemplate":"https:\/\/miguelangelpascual.es\/?s={search_term_string}"},"query-input":{"@type":"PropertyValueSpecification","valueRequired":true,"valueName":"search_term_string"}}],"inLanguage":"en-GB"},{"@type":"Organization","@id":"https:\/\/miguelangelpascual.es\/#organization","name":"Miguel \u00c1ngel Pascual","url":"https:\/\/miguelangelpascual.es\/","logo":{"@type":"ImageObject","inLanguage":"en-GB","@id":"https:\/\/miguelangelpascual.es\/#\/schema\/logo\/image\/","url":"https:\/\/miguelangelpascual.es\/wp-content\/uploads\/2025\/07\/miguel-angel-pascual-logo-03.png","contentUrl":"https:\/\/miguelangelpascual.es\/wp-content\/uploads\/2025\/07\/miguel-angel-pascual-logo-03.png","width":834,"height":834,"caption":"Miguel \u00c1ngel Pascual"},"image":{"@id":"https:\/\/miguelangelpascual.es\/#\/schema\/logo\/image\/"}}]}},"_links":{"self":[{"href":"https:\/\/miguelangelpascual.es\/en\/wp-json\/wp\/v2\/pages\/6865","targetHints":{"allow":["GET"]}}],"collection":[{"href":"https:\/\/miguelangelpascual.es\/en\/wp-json\/wp\/v2\/pages"}],"about":[{"href":"https:\/\/miguelangelpascual.es\/en\/wp-json\/wp\/v2\/types\/page"}],"author":[{"embeddable":true,"href":"https:\/\/miguelangelpascual.es\/en\/wp-json\/wp\/v2\/users\/1"}],"replies":[{"embeddable":true,"href":"https:\/\/miguelangelpascual.es\/en\/wp-json\/wp\/v2\/comments?post=6865"}],"version-history":[{"count":11,"href":"https:\/\/miguelangelpascual.es\/en\/wp-json\/wp\/v2\/pages\/6865\/revisions"}],"predecessor-version":[{"id":6962,"href":"https:\/\/miguelangelpascual.es\/en\/wp-json\/wp\/v2\/pages\/6865\/revisions\/6962"}],"wp:attachment":[{"href":"https:\/\/miguelangelpascual.es\/en\/wp-json\/wp\/v2\/media?parent=6865"}],"curies":[{"name":"wp","href":"https:\/\/api.w.org\/{rel}","templated":true}]}}